{"id":456,"date":"2023-10-06T15:03:23","date_gmt":"2023-10-06T18:03:23","guid":{"rendered":"https:\/\/3dmapeamento.com\/?page_id=456"},"modified":"2023-10-06T15:26:52","modified_gmt":"2023-10-06T18:26:52","slug":"laser","status":"publish","type":"page","link":"https:\/\/3dmapeamento.com\/index.php\/laser\/","title":{"rendered":"Laser"},"content":{"rendered":"\t\t<div data-elementor-type=\"wp-page\" data-elementor-id=\"456\" class=\"elementor elementor-456\" data-elementor-post-type=\"page\">\n\t\t\t\t\t\t\t<div class=\"elementor-element elementor-element-f616c7f e-flex e-con-boxed e-con e-parent\" data-id=\"f616c7f\" data-element_type=\"container\" data-settings=\"{&quot;content_width&quot;:&quot;boxed&quot;}\" data-core-v316-plus=\"true\">\n\t\t\t\t\t<div class=\"e-con-inner\">\n\t\t\t\t<div class=\"elementor-element elementor-element-f7bf640 elementor-widget elementor-widget-heading\" data-id=\"f7bf640\" data-element_type=\"widget\" data-widget_type=\"heading.default\">\n\t\t\t\t<div class=\"elementor-widget-container\">\n\t\t\t<style>\/*! elementor - v3.17.0 - 08-11-2023 *\/\n.elementor-heading-title{padding:0;margin:0;line-height:1}.elementor-widget-heading .elementor-heading-title[class*=elementor-size-]>a{color:inherit;font-size:inherit;line-height:inherit}.elementor-widget-heading .elementor-heading-title.elementor-size-small{font-size:15px}.elementor-widget-heading .elementor-heading-title.elementor-size-medium{font-size:19px}.elementor-widget-heading .elementor-heading-title.elementor-size-large{font-size:29px}.elementor-widget-heading .elementor-heading-title.elementor-size-xl{font-size:39px}.elementor-widget-heading .elementor-heading-title.elementor-size-xxl{font-size:59px}<\/style><h2 class=\"elementor-heading-title elementor-size-default\"><h1 style=\"font-size: var(--h1fontsize); font-weight: var(--h1fontweight); font-family: Inter, Arial, Helvetica, sans-serif; line-height: var(--h1lineheight); letter-spacing: normal; text-transform: none; white-space-collapse: collapse;\">Laser<\/h1><\/h2>\t\t<\/div>\n\t\t\t\t<\/div>\n\t\t\t\t\t<\/div>\n\t\t\t\t<\/div>\n\t\t<div class=\"elementor-element elementor-element-b268a48 e-flex e-con-boxed e-con e-parent\" data-id=\"b268a48\" data-element_type=\"container\" data-settings=\"{&quot;background_background&quot;:&quot;classic&quot;,&quot;content_width&quot;:&quot;boxed&quot;}\" data-core-v316-plus=\"true\">\n\t\t\t\t\t<div class=\"e-con-inner\">\n\t\t<div class=\"elementor-element elementor-element-061f0e3 e-con-full e-flex e-con e-child\" data-id=\"061f0e3\" data-element_type=\"container\" data-settings=\"{&quot;content_width&quot;:&quot;full&quot;}\">\n\t\t\t\t<div class=\"elementor-element elementor-element-4d8bf49 elementor-widget elementor-widget-image\" data-id=\"4d8bf49\" data-element_type=\"widget\" data-widget_type=\"image.default\">\n\t\t\t\t<div class=\"elementor-widget-container\">\n\t\t\t<style>\/*! elementor - v3.17.0 - 08-11-2023 *\/\n.elementor-widget-image{text-align:center}.elementor-widget-image a{display:inline-block}.elementor-widget-image a img[src$=\".svg\"]{width:48px}.elementor-widget-image img{vertical-align:middle;display:inline-block}<\/style>\t\t\t\t\t\t\t\t\t\t\t\t<img decoding=\"async\" loading=\"lazy\" width=\"1536\" height=\"867\" src=\"https:\/\/3dmapeamento.com\/wp-content\/uploads\/2023\/10\/001-1536x867.jpg\" class=\"attachment-1536x1536 size-1536x1536 wp-image-459\" alt=\"\" srcset=\"https:\/\/3dmapeamento.com\/wp-content\/uploads\/2023\/10\/001-1536x867.jpg 1536w, https:\/\/3dmapeamento.com\/wp-content\/uploads\/2023\/10\/001-300x169.jpg 300w, https:\/\/3dmapeamento.com\/wp-content\/uploads\/2023\/10\/001-1024x578.jpg 1024w, https:\/\/3dmapeamento.com\/wp-content\/uploads\/2023\/10\/001-768x434.jpg 768w, https:\/\/3dmapeamento.com\/wp-content\/uploads\/2023\/10\/001.jpg 1628w\" sizes=\"(max-width: 1536px) 100vw, 1536px\" \/>\t\t\t\t\t\t\t\t\t\t\t\t\t\t\t<\/div>\n\t\t\t\t<\/div>\n\t\t\t\t<\/div>\n\t\t<div class=\"elementor-element elementor-element-8f52d47 e-con-full e-flex e-con e-child\" data-id=\"8f52d47\" data-element_type=\"container\" data-settings=\"{&quot;content_width&quot;:&quot;full&quot;}\">\n\t\t<div class=\"elementor-element elementor-element-44fb9d9 e-flex e-con-boxed e-con e-child\" data-id=\"44fb9d9\" data-element_type=\"container\" data-settings=\"{&quot;content_width&quot;:&quot;boxed&quot;}\">\n\t\t\t\t\t<div class=\"e-con-inner\">\n\t\t\t\t<div class=\"elementor-element elementor-element-d589563 elementor-widget elementor-widget-heading\" data-id=\"d589563\" data-element_type=\"widget\" data-widget_type=\"heading.default\">\n\t\t\t\t<div class=\"elementor-widget-container\">\n\t\t\t<h2 class=\"elementor-heading-title elementor-size-xxl\">O que \u00e9 ?<\/h2>\t\t<\/div>\n\t\t\t\t<\/div>\n\t\t\t\t\t<\/div>\n\t\t\t\t<\/div>\n\t\t<div class=\"elementor-element elementor-element-c7bcb21 e-flex e-con-boxed e-con e-child\" data-id=\"c7bcb21\" data-element_type=\"container\" data-settings=\"{&quot;content_width&quot;:&quot;boxed&quot;}\">\n\t\t\t\t\t<div class=\"e-con-inner\">\n\t\t\t\t<div class=\"elementor-element elementor-element-810d2e2 elementor-widget elementor-widget-text-editor\" data-id=\"810d2e2\" data-element_type=\"widget\" data-widget_type=\"text-editor.default\">\n\t\t\t\t<div class=\"elementor-widget-container\">\n\t\t\t<style>\/*! elementor - v3.17.0 - 08-11-2023 *\/\n.elementor-widget-text-editor.elementor-drop-cap-view-stacked .elementor-drop-cap{background-color:#69727d;color:#fff}.elementor-widget-text-editor.elementor-drop-cap-view-framed .elementor-drop-cap{color:#69727d;border:3px solid;background-color:transparent}.elementor-widget-text-editor:not(.elementor-drop-cap-view-default) .elementor-drop-cap{margin-top:8px}.elementor-widget-text-editor:not(.elementor-drop-cap-view-default) .elementor-drop-cap-letter{width:1em;height:1em}.elementor-widget-text-editor .elementor-drop-cap{float:left;text-align:center;line-height:1;font-size:50px}.elementor-widget-text-editor .elementor-drop-cap-letter{display:inline-block}<\/style>\t\t\t\t<p><span style=\"color: #ffffff;\">Produtos gerados a partir dos dados p\u00f3s-processados podem ser entregues em formato ASCII (texto),laz, las files, shapefile e grid do ArcGIS ou CAD<\/span><\/p><p><span style=\"color: #ffffff;\">\u00c9 uma tecnologia a laser em aplica\u00e7\u00f5es de mapeamento e cartografia. Essa abordagem envolve o uso de sistemas de sensoriamento remoto baseados em laser, como o Lidar (Light Detection and Ranging), para coletar dados geoespaciais detalhados e precisos que s\u00e3o essenciais na cria\u00e7\u00e3o de mapas e na representa\u00e7\u00e3o de caracter\u00edsticas geogr\u00e1ficas.<\/span><\/p>\t\t\t\t\t\t<\/div>\n\t\t\t\t<\/div>\n\t\t\t\t\t<\/div>\n\t\t\t\t<\/div>\n\t\t\t\t<\/div>\n\t\t\t\t\t<\/div>\n\t\t\t\t<\/div>\n\t\t<div class=\"elementor-element elementor-element-d4023d4 e-flex e-con-boxed e-con e-parent\" data-id=\"d4023d4\" data-element_type=\"container\" data-settings=\"{&quot;background_background&quot;:&quot;classic&quot;,&quot;content_width&quot;:&quot;boxed&quot;}\" data-core-v316-plus=\"true\">\n\t\t\t\t\t<div class=\"e-con-inner\">\n\t\t<div class=\"elementor-element elementor-element-20fc6ae e-con-full e-flex e-con e-child\" data-id=\"20fc6ae\" data-element_type=\"container\" data-settings=\"{&quot;content_width&quot;:&quot;full&quot;}\">\n\t\t\t\t<div class=\"elementor-element elementor-element-19fa0d4 elementor-widget elementor-widget-heading\" data-id=\"19fa0d4\" data-element_type=\"widget\" data-widget_type=\"heading.default\">\n\t\t\t\t<div class=\"elementor-widget-container\">\n\t\t\t<h2 class=\"elementor-heading-title elementor-size-default\">Quais as suas caracter\u00edsticas ?<\/h2>\t\t<\/div>\n\t\t\t\t<\/div>\n\t\t\t\t<div class=\"elementor-element elementor-element-4e75566 elementor-widget elementor-widget-text-editor\" data-id=\"4e75566\" data-element_type=\"widget\" data-widget_type=\"text-editor.default\">\n\t\t\t\t<div class=\"elementor-widget-container\">\n\t\t\t\t\t\t\t<p>Aqui est\u00e3o algumas das principais caracter\u00edsticas e seus usos:<\/p><ol><li><p><strong>Coleta de dados 3D:<\/strong> A tecnologia laser, como o Lidar, \u00e9 capaz de capturar informa\u00e7\u00f5es em tr\u00eas dimens\u00f5es (3D) com alta precis\u00e3o. Isso permite a cria\u00e7\u00e3o de modelos tridimensionais detalhados da superf\u00edcie da Terra, incluindo a topografia do terreno, edif\u00edcios, \u00e1rvores e outros objetos.<\/p><\/li><li><p><strong>Mapeamento de terreno:<\/strong> A Laser Cartografia \u00e9 amplamente utilizada na produ\u00e7\u00e3o de mapas topogr\u00e1ficos precisos, que s\u00e3o essenciais para diversas aplica\u00e7\u00f5es, como engenharia civil, planejamento urbano, gest\u00e3o de recursos naturais e monitoramento ambiental.<\/p><\/li><li><p><strong>Planejamento e monitoramento urbano:<\/strong> A tecnologia laser \u00e9 usada para criar mapas urbanos detalhados que auxiliam no planejamento e desenvolvimento de \u00e1reas urbanas. Isso inclui mapeamento de ruas, redes de infraestrutura, edif\u00edcios e outros elementos urbanos.<\/p><\/li><li><p><strong>Monitoramento de mudan\u00e7as:<\/strong> A Laser Cartografia \u00e9 valiosa para monitorar mudan\u00e7as na superf\u00edcie da Terra ao longo do tempo. Isso inclui a detec\u00e7\u00e3o de eros\u00e3o costeira, movimentos de terra, expans\u00e3o urbana e mudan\u00e7as no uso da terra.<\/p><\/li><li><p><strong>Agricultura de precis\u00e3o:<\/strong> A tecnologia laser \u00e9 usada na agricultura de precis\u00e3o para medir o terreno, monitorar o crescimento das culturas e otimizar a aplica\u00e7\u00e3o de insumos agr\u00edcolas, como fertilizantes e pesticidas.<\/p><\/li><li><p><strong>Gest\u00e3o florestal e recursos naturais:<\/strong> A Laser Cartografia \u00e9 usada na gest\u00e3o de florestas e recursos naturais para mapear \u00e1reas florestais, estimar volumes de madeira e monitorar a sa\u00fade das florestas.<\/p><\/li><li><p><strong>Monitoramento de desastres naturais:<\/strong> O Lidar \u00e9 utilizado em situa\u00e7\u00f5es de desastres naturais, como inunda\u00e7\u00f5es e deslizamentos de terra, para avaliar os danos e planejar opera\u00e7\u00f5es de resgate e recupera\u00e7\u00e3o.<\/p><\/li><li><p><strong>Mapeamento subaqu\u00e1tico:<\/strong> O Lidar tamb\u00e9m \u00e9 empregado em mapeamento subaqu\u00e1tico, usando sensores laser montados em embarca\u00e7\u00f5es para criar mapas detalhados do fundo do mar e de corpos d&#8217;\u00e1gua.<\/p><\/li><\/ol>\t\t\t\t\t\t<\/div>\n\t\t\t\t<\/div>\n\t\t\t\t<\/div>\n\t\t\t\t\t<\/div>\n\t\t\t\t<\/div>\n\t\t<div class=\"elementor-element elementor-element-5ea18ac e-flex e-con-boxed e-con e-parent\" data-id=\"5ea18ac\" data-element_type=\"container\" data-settings=\"{&quot;content_width&quot;:&quot;boxed&quot;}\" data-core-v316-plus=\"true\">\n\t\t\t\t\t<div class=\"e-con-inner\">\n\t\t<div class=\"elementor-element elementor-element-50948fb e-con-full e-flex e-con e-child\" data-id=\"50948fb\" data-element_type=\"container\" data-settings=\"{&quot;content_width&quot;:&quot;full&quot;}\">\n\t\t\t\t<div class=\"elementor-element elementor-element-c62579d elementor-widget elementor-widget-text-editor\" data-id=\"c62579d\" data-element_type=\"widget\" data-widget_type=\"text-editor.default\">\n\t\t\t\t<div class=\"elementor-widget-container\">\n\t\t\t\t\t\t\t<p><strong>o Laser desempenha um papel fundamental em uma variedade de disciplinas que dependem de informa\u00e7\u00f5es geoespaciais precisas e detalhadas. A capacidade de coletar dados em 3D com alta resolu\u00e7\u00e3o torna essa tecnologia essencial para o planejamento, gest\u00e3o e an\u00e1lise de ambientes terrestres e marinhos.<\/strong><\/p>\t\t\t\t\t\t<\/div>\n\t\t\t\t<\/div>\n\t\t\t\t<\/div>\n\t\t<div class=\"elementor-element elementor-element-e3c0a5d e-con-full e-flex e-con e-child\" data-id=\"e3c0a5d\" data-element_type=\"container\" data-settings=\"{&quot;content_width&quot;:&quot;full&quot;}\">\n\t\t\t\t<div class=\"elementor-element elementor-element-3d3f3fc elementor-widget elementor-widget-image\" data-id=\"3d3f3fc\" data-element_type=\"widget\" data-widget_type=\"image.default\">\n\t\t\t\t<div class=\"elementor-widget-container\">\n\t\t\t\t\t\t\t\t\t\t\t\t\t\t\t<img decoding=\"async\" loading=\"lazy\" width=\"1024\" height=\"265\" src=\"https:\/\/3dmapeamento.com\/wp-content\/uploads\/2023\/10\/012-1024x265.jpg\" class=\"attachment-large size-large wp-image-460\" alt=\"\" srcset=\"https:\/\/3dmapeamento.com\/wp-content\/uploads\/2023\/10\/012-1024x265.jpg 1024w, https:\/\/3dmapeamento.com\/wp-content\/uploads\/2023\/10\/012-300x78.jpg 300w, https:\/\/3dmapeamento.com\/wp-content\/uploads\/2023\/10\/012-768x199.jpg 768w, https:\/\/3dmapeamento.com\/wp-content\/uploads\/2023\/10\/012-1536x398.jpg 1536w, https:\/\/3dmapeamento.com\/wp-content\/uploads\/2023\/10\/012.jpg 1879w\" sizes=\"(max-width: 1024px) 100vw, 1024px\" \/>\t\t\t\t\t\t\t\t\t\t\t\t\t\t\t<\/div>\n\t\t\t\t<\/div>\n\t\t\t\t<\/div>\n\t\t\t\t\t<\/div>\n\t\t\t\t<\/div>\n\t\t\t\t\t\t\t<\/div>\n\t\t","protected":false},"excerpt":{"rendered":"<p>Laser O que \u00e9 ? Produtos gerados a partir dos dados p\u00f3s-processados podem ser entregues em formato ASCII (texto),laz, las files, shapefile e grid do ArcGIS ou CAD \u00c9 uma tecnologia a laser em aplica\u00e7\u00f5es de mapeamento e cartografia. Essa abordagem envolve o uso de sistemas de sensoriamento remoto baseados em laser, como o Lidar [&hellip;]<\/p>\n","protected":false},"author":1,"featured_media":0,"parent":0,"menu_order":0,"comment_status":"closed","ping_status":"closed","template":"elementor_header_footer","meta":{"_monsterinsights_skip_tracking":false,"_monsterinsights_sitenote_active":false,"_monsterinsights_sitenote_note":"","_monsterinsights_sitenote_category":0,"_themeisle_gutenberg_block_has_review":false,"_ti_tpc_template_sync":false,"_ti_tpc_template_id":"","footnotes":""},"aioseo_notices":[],"_links":{"self":[{"href":"https:\/\/3dmapeamento.com\/index.php\/wp-json\/wp\/v2\/pages\/456"}],"collection":[{"href":"https:\/\/3dmapeamento.com\/index.php\/wp-json\/wp\/v2\/pages"}],"about":[{"href":"https:\/\/3dmapeamento.com\/index.php\/wp-json\/wp\/v2\/types\/page"}],"author":[{"embeddable":true,"href":"https:\/\/3dmapeamento.com\/index.php\/wp-json\/wp\/v2\/users\/1"}],"replies":[{"embeddable":true,"href":"https:\/\/3dmapeamento.com\/index.php\/wp-json\/wp\/v2\/comments?post=456"}],"version-history":[{"count":10,"href":"https:\/\/3dmapeamento.com\/index.php\/wp-json\/wp\/v2\/pages\/456\/revisions"}],"predecessor-version":[{"id":474,"href":"https:\/\/3dmapeamento.com\/index.php\/wp-json\/wp\/v2\/pages\/456\/revisions\/474"}],"wp:attachment":[{"href":"https:\/\/3dmapeamento.com\/index.php\/wp-json\/wp\/v2\/media?parent=456"}],"curies":[{"name":"wp","href":"https:\/\/api.w.org\/{rel}","templated":true}]}}