{"id":496,"date":"2023-10-06T15:47:32","date_gmt":"2023-10-06T18:47:32","guid":{"rendered":"https:\/\/3dmapeamento.com\/?page_id=496"},"modified":"2023-10-06T15:50:50","modified_gmt":"2023-10-06T18:50:50","slug":"restituicao","status":"publish","type":"page","link":"https:\/\/3dmapeamento.com\/index.php\/restituicao\/","title":{"rendered":"Restitui\u00e7\u00e3o"},"content":{"rendered":"\t\t<div data-elementor-type=\"wp-page\" data-elementor-id=\"496\" class=\"elementor elementor-496\" data-elementor-post-type=\"page\">\n\t\t\t\t\t\t\t<div class=\"elementor-element elementor-element-f616c7f e-flex e-con-boxed e-con e-parent\" data-id=\"f616c7f\" data-element_type=\"container\" data-settings=\"{&quot;content_width&quot;:&quot;boxed&quot;}\" data-core-v316-plus=\"true\">\n\t\t\t\t\t<div class=\"e-con-inner\">\n\t\t\t\t<div class=\"elementor-element elementor-element-f7bf640 elementor-widget elementor-widget-heading\" data-id=\"f7bf640\" data-element_type=\"widget\" data-widget_type=\"heading.default\">\n\t\t\t\t<div class=\"elementor-widget-container\">\n\t\t\t<style>\/*! elementor - v3.17.0 - 08-11-2023 *\/\n.elementor-heading-title{padding:0;margin:0;line-height:1}.elementor-widget-heading .elementor-heading-title[class*=elementor-size-]>a{color:inherit;font-size:inherit;line-height:inherit}.elementor-widget-heading .elementor-heading-title.elementor-size-small{font-size:15px}.elementor-widget-heading .elementor-heading-title.elementor-size-medium{font-size:19px}.elementor-widget-heading .elementor-heading-title.elementor-size-large{font-size:29px}.elementor-widget-heading .elementor-heading-title.elementor-size-xl{font-size:39px}.elementor-widget-heading .elementor-heading-title.elementor-size-xxl{font-size:59px}<\/style><h2 class=\"elementor-heading-title elementor-size-default\"><h1 style=\"font-size: var(--h1fontsize); font-weight: var(--h1fontweight); font-family: Inter, Arial, Helvetica, sans-serif; line-height: var(--h1lineheight); letter-spacing: normal; text-transform: none; white-space-collapse: collapse;\">Restitui\u00e7\u00e3o<\/h1><\/h2>\t\t<\/div>\n\t\t\t\t<\/div>\n\t\t\t\t\t<\/div>\n\t\t\t\t<\/div>\n\t\t<div class=\"elementor-element elementor-element-b268a48 e-flex e-con-boxed e-con e-parent\" data-id=\"b268a48\" data-element_type=\"container\" data-settings=\"{&quot;background_background&quot;:&quot;classic&quot;,&quot;content_width&quot;:&quot;boxed&quot;}\" data-core-v316-plus=\"true\">\n\t\t\t\t\t<div class=\"e-con-inner\">\n\t\t<div class=\"elementor-element elementor-element-061f0e3 e-con-full e-flex e-con e-child\" data-id=\"061f0e3\" data-element_type=\"container\" data-settings=\"{&quot;content_width&quot;:&quot;full&quot;}\">\n\t\t\t\t<div class=\"elementor-element elementor-element-4d8bf49 elementor-widget elementor-widget-image\" data-id=\"4d8bf49\" data-element_type=\"widget\" data-widget_type=\"image.default\">\n\t\t\t\t<div class=\"elementor-widget-container\">\n\t\t\t<style>\/*! elementor - v3.17.0 - 08-11-2023 *\/\n.elementor-widget-image{text-align:center}.elementor-widget-image a{display:inline-block}.elementor-widget-image a img[src$=\".svg\"]{width:48px}.elementor-widget-image img{vertical-align:middle;display:inline-block}<\/style>\t\t\t\t\t\t\t\t\t\t\t\t<img decoding=\"async\" loading=\"lazy\" width=\"889\" height=\"535\" src=\"https:\/\/3dmapeamento.com\/wp-content\/uploads\/2023\/10\/WhatsApp-Image-2023-10-05-at-15.48.05-2.jpeg\" class=\"attachment-1536x1536 size-1536x1536 wp-image-492\" alt=\"\" srcset=\"https:\/\/3dmapeamento.com\/wp-content\/uploads\/2023\/10\/WhatsApp-Image-2023-10-05-at-15.48.05-2.jpeg 889w, https:\/\/3dmapeamento.com\/wp-content\/uploads\/2023\/10\/WhatsApp-Image-2023-10-05-at-15.48.05-2-300x181.jpeg 300w, https:\/\/3dmapeamento.com\/wp-content\/uploads\/2023\/10\/WhatsApp-Image-2023-10-05-at-15.48.05-2-768x462.jpeg 768w\" sizes=\"(max-width: 889px) 100vw, 889px\" \/>\t\t\t\t\t\t\t\t\t\t\t\t\t\t\t<\/div>\n\t\t\t\t<\/div>\n\t\t\t\t<\/div>\n\t\t<div class=\"elementor-element elementor-element-8f52d47 e-con-full e-flex e-con e-child\" data-id=\"8f52d47\" data-element_type=\"container\" data-settings=\"{&quot;content_width&quot;:&quot;full&quot;}\">\n\t\t<div class=\"elementor-element elementor-element-44fb9d9 e-flex e-con-boxed e-con e-child\" data-id=\"44fb9d9\" data-element_type=\"container\" data-settings=\"{&quot;content_width&quot;:&quot;boxed&quot;}\">\n\t\t\t\t\t<div class=\"e-con-inner\">\n\t\t\t\t<div class=\"elementor-element elementor-element-d589563 elementor-widget elementor-widget-heading\" data-id=\"d589563\" data-element_type=\"widget\" data-widget_type=\"heading.default\">\n\t\t\t\t<div class=\"elementor-widget-container\">\n\t\t\t<h2 class=\"elementor-heading-title elementor-size-xxl\">O que \u00e9 ?<\/h2>\t\t<\/div>\n\t\t\t\t<\/div>\n\t\t\t\t\t<\/div>\n\t\t\t\t<\/div>\n\t\t<div class=\"elementor-element elementor-element-c7bcb21 e-flex e-con-boxed e-con e-child\" data-id=\"c7bcb21\" data-element_type=\"container\" data-settings=\"{&quot;content_width&quot;:&quot;boxed&quot;}\">\n\t\t\t\t\t<div class=\"e-con-inner\">\n\t\t\t\t<div class=\"elementor-element elementor-element-810d2e2 elementor-widget elementor-widget-text-editor\" data-id=\"810d2e2\" data-element_type=\"widget\" data-widget_type=\"text-editor.default\">\n\t\t\t\t<div class=\"elementor-widget-container\">\n\t\t\t<style>\/*! elementor - v3.17.0 - 08-11-2023 *\/\n.elementor-widget-text-editor.elementor-drop-cap-view-stacked .elementor-drop-cap{background-color:#69727d;color:#fff}.elementor-widget-text-editor.elementor-drop-cap-view-framed .elementor-drop-cap{color:#69727d;border:3px solid;background-color:transparent}.elementor-widget-text-editor:not(.elementor-drop-cap-view-default) .elementor-drop-cap{margin-top:8px}.elementor-widget-text-editor:not(.elementor-drop-cap-view-default) .elementor-drop-cap-letter{width:1em;height:1em}.elementor-widget-text-editor .elementor-drop-cap{float:left;text-align:center;line-height:1;font-size:50px}.elementor-widget-text-editor .elementor-drop-cap-letter{display:inline-block}<\/style>\t\t\t\t<p><span style=\"color: #ffffff;\">A Restitui\u00e7\u00e3o \u00e9 um processo pelo qual as informa\u00e7\u00f5es coletadas em campo ou por meio de imagens a\u00e9reas ou de sat\u00e9lite s\u00e3o interpretadas e convertidas em dados geoespaciais representados em um mapa ou em um sistema de coordenadas. A restitui\u00e7\u00e3o \u00e9 uma etapa fundamental no processo de produ\u00e7\u00e3o de mapas e cartas topogr\u00e1ficas. Ela envolve a interpreta\u00e7\u00e3o de caracter\u00edsticas geogr\u00e1ficas e a determina\u00e7\u00e3o de suas posi\u00e7\u00f5es relativas na superf\u00edcie da Terra.<\/span><\/p>\t\t\t\t\t\t<\/div>\n\t\t\t\t<\/div>\n\t\t\t\t\t<\/div>\n\t\t\t\t<\/div>\n\t\t\t\t<\/div>\n\t\t\t\t\t<\/div>\n\t\t\t\t<\/div>\n\t\t<div class=\"elementor-element elementor-element-d4023d4 e-flex e-con-boxed e-con e-parent\" data-id=\"d4023d4\" data-element_type=\"container\" data-settings=\"{&quot;background_background&quot;:&quot;classic&quot;,&quot;content_width&quot;:&quot;boxed&quot;}\" data-core-v316-plus=\"true\">\n\t\t\t\t\t<div class=\"e-con-inner\">\n\t\t<div class=\"elementor-element elementor-element-20fc6ae e-con-full e-flex e-con e-child\" data-id=\"20fc6ae\" data-element_type=\"container\" data-settings=\"{&quot;content_width&quot;:&quot;full&quot;}\">\n\t\t\t\t<div class=\"elementor-element elementor-element-19fa0d4 elementor-widget elementor-widget-heading\" data-id=\"19fa0d4\" data-element_type=\"widget\" data-widget_type=\"heading.default\">\n\t\t\t\t<div class=\"elementor-widget-container\">\n\t\t\t<h2 class=\"elementor-heading-title elementor-size-default\">Quais as suas caracter\u00edsticas ?<\/h2>\t\t<\/div>\n\t\t\t\t<\/div>\n\t\t\t\t<div class=\"elementor-element elementor-element-4e75566 elementor-widget elementor-widget-text-editor\" data-id=\"4e75566\" data-element_type=\"widget\" data-widget_type=\"text-editor.default\">\n\t\t\t\t<div class=\"elementor-widget-container\">\n\t\t\t\t\t\t\t<p>Aqui est\u00e3o os principais pontos relacionados \u00e0 restitui\u00e7\u00e3o na cartografia:<\/p><ol><li><p><strong>Coleta de Dados:<\/strong> Antes da restitui\u00e7\u00e3o, \u00e9 necess\u00e1rio coletar dados geoespaciais. Isso pode ser feito por meio de levantamentos terrestres, imagens a\u00e9reas ou dados de sat\u00e9lites.<\/p><\/li><li><p><strong>Interpreta\u00e7\u00e3o:<\/strong> Durante a restitui\u00e7\u00e3o, os profissionais da cartografia interpretam os dados coletados para identificar caracter\u00edsticas geogr\u00e1ficas, como estradas, rios, edif\u00edcios, eleva\u00e7\u00f5es do terreno e outros elementos. Eles tamb\u00e9m determinam a forma, o tamanho e a localiza\u00e7\u00e3o precisos dessas caracter\u00edsticas.<\/p><\/li><li><p><strong>Utiliza\u00e7\u00e3o de Fotografias A\u00e9reas:<\/strong> Em muitos casos, a restitui\u00e7\u00e3o envolve o uso de fotografias a\u00e9reas tiradas a partir de aeronaves. Os restituidores utilizam estereosc\u00f3pios (dispositivos que criam uma imagem tridimensional) para visualizar as imagens e interpretar a topografia do terreno e outros detalhes.<\/p><\/li><li><p><strong>Utiliza\u00e7\u00e3o de Tecnologia:<\/strong> Atualmente, a restitui\u00e7\u00e3o tamb\u00e9m pode ser auxiliada por software de processamento de imagem e sistemas de informa\u00e7\u00e3o geogr\u00e1fica (SIG) que ajudam na interpreta\u00e7\u00e3o e na convers\u00e3o dos dados em formatos cartogr\u00e1ficos.<\/p><\/li><li><p><strong>Cria\u00e7\u00e3o de Mapas:<\/strong> Ap\u00f3s a interpreta\u00e7\u00e3o dos dados, os resultados s\u00e3o usados para criar mapas ou cartas geogr\u00e1ficas que representam fielmente a \u00e1rea mapeada. Isso inclui a representa\u00e7\u00e3o precisa de estradas, rios, contornos de eleva\u00e7\u00e3o e outros detalhes do terreno.<\/p><\/li><li><p><strong>Atualiza\u00e7\u00e3o e Manuten\u00e7\u00e3o:<\/strong> A restitui\u00e7\u00e3o n\u00e3o \u00e9 um processo \u00fanico. Os mapas e cartas precisam ser atualizados regularmente para refletir mudan\u00e7as no terreno, constru\u00e7\u00e3o de novas estruturas e outros desenvolvimentos.<\/p><\/li><\/ol>\t\t\t\t\t\t<\/div>\n\t\t\t\t<\/div>\n\t\t\t\t<\/div>\n\t\t\t\t\t<\/div>\n\t\t\t\t<\/div>\n\t\t<div class=\"elementor-element elementor-element-5ea18ac e-flex e-con-boxed e-con e-parent\" data-id=\"5ea18ac\" data-element_type=\"container\" data-settings=\"{&quot;content_width&quot;:&quot;boxed&quot;}\" data-core-v316-plus=\"true\">\n\t\t\t\t\t<div class=\"e-con-inner\">\n\t\t<div class=\"elementor-element elementor-element-50948fb e-con-full e-flex e-con e-child\" data-id=\"50948fb\" data-element_type=\"container\" data-settings=\"{&quot;content_width&quot;:&quot;full&quot;}\">\n\t\t\t\t<div class=\"elementor-element elementor-element-c62579d elementor-widget elementor-widget-text-editor\" data-id=\"c62579d\" data-element_type=\"widget\" data-widget_type=\"text-editor.default\">\n\t\t\t\t<div class=\"elementor-widget-container\">\n\t\t\t\t\t\t\t<p><strong>A restitui\u00e7\u00e3o \u00e9 uma parte crucial do processo de cria\u00e7\u00e3o de mapas precisos e atualizados. Ela garante que as caracter\u00edsticas geogr\u00e1ficas sejam representadas com precis\u00e3o em mapas e cartas, o que \u00e9 fundamental para uma variedade de aplica\u00e7\u00f5es, incluindo planejamento urbano, gest\u00e3o de recursos naturais, engenharia civil, navega\u00e7\u00e3o e muito mais.<\/strong><\/p>\t\t\t\t\t\t<\/div>\n\t\t\t\t<\/div>\n\t\t\t\t<\/div>\n\t\t<div class=\"elementor-element elementor-element-e3c0a5d e-con-full e-flex e-con e-child\" data-id=\"e3c0a5d\" data-element_type=\"container\" data-settings=\"{&quot;content_width&quot;:&quot;full&quot;}\">\n\t\t\t\t<div class=\"elementor-element elementor-element-3d3f3fc elementor-widget elementor-widget-image\" data-id=\"3d3f3fc\" data-element_type=\"widget\" data-widget_type=\"image.default\">\n\t\t\t\t<div class=\"elementor-widget-container\">\n\t\t\t\t\t\t\t\t\t\t\t\t\t\t\t<img decoding=\"async\" loading=\"lazy\" width=\"702\" height=\"381\" src=\"https:\/\/3dmapeamento.com\/wp-content\/uploads\/2023\/10\/WhatsApp-Image-2023-10-05-at-15.48.05-1.jpeg\" class=\"attachment-large size-large wp-image-493\" alt=\"\" srcset=\"https:\/\/3dmapeamento.com\/wp-content\/uploads\/2023\/10\/WhatsApp-Image-2023-10-05-at-15.48.05-1.jpeg 702w, https:\/\/3dmapeamento.com\/wp-content\/uploads\/2023\/10\/WhatsApp-Image-2023-10-05-at-15.48.05-1-300x163.jpeg 300w\" sizes=\"(max-width: 702px) 100vw, 702px\" \/>\t\t\t\t\t\t\t\t\t\t\t\t\t\t\t<\/div>\n\t\t\t\t<\/div>\n\t\t\t\t<\/div>\n\t\t\t\t\t<\/div>\n\t\t\t\t<\/div>\n\t\t\t\t\t\t\t<\/div>\n\t\t","protected":false},"excerpt":{"rendered":"<p>Restitui\u00e7\u00e3o O que \u00e9 ? A Restitui\u00e7\u00e3o \u00e9 um processo pelo qual as informa\u00e7\u00f5es coletadas em campo ou por meio de imagens a\u00e9reas ou de sat\u00e9lite s\u00e3o interpretadas e convertidas em dados geoespaciais representados em um mapa ou em um sistema de coordenadas. A restitui\u00e7\u00e3o \u00e9 uma etapa fundamental no processo de produ\u00e7\u00e3o de mapas [&hellip;]<\/p>\n","protected":false},"author":1,"featured_media":0,"parent":0,"menu_order":0,"comment_status":"closed","ping_status":"closed","template":"elementor_header_footer","meta":{"_monsterinsights_skip_tracking":false,"_monsterinsights_sitenote_active":false,"_monsterinsights_sitenote_note":"","_monsterinsights_sitenote_category":0,"_themeisle_gutenberg_block_has_review":false,"_ti_tpc_template_sync":false,"_ti_tpc_template_id":"","footnotes":""},"aioseo_notices":[],"_links":{"self":[{"href":"https:\/\/3dmapeamento.com\/index.php\/wp-json\/wp\/v2\/pages\/496"}],"collection":[{"href":"https:\/\/3dmapeamento.com\/index.php\/wp-json\/wp\/v2\/pages"}],"about":[{"href":"https:\/\/3dmapeamento.com\/index.php\/wp-json\/wp\/v2\/types\/page"}],"author":[{"embeddable":true,"href":"https:\/\/3dmapeamento.com\/index.php\/wp-json\/wp\/v2\/users\/1"}],"replies":[{"embeddable":true,"href":"https:\/\/3dmapeamento.com\/index.php\/wp-json\/wp\/v2\/comments?post=496"}],"version-history":[{"count":7,"href":"https:\/\/3dmapeamento.com\/index.php\/wp-json\/wp\/v2\/pages\/496\/revisions"}],"predecessor-version":[{"id":503,"href":"https:\/\/3dmapeamento.com\/index.php\/wp-json\/wp\/v2\/pages\/496\/revisions\/503"}],"wp:attachment":[{"href":"https:\/\/3dmapeamento.com\/index.php\/wp-json\/wp\/v2\/media?parent=496"}],"curies":[{"name":"wp","href":"https:\/\/api.w.org\/{rel}","templated":true}]}}